{"id":32,"date":"2024-01-17T10:28:29","date_gmt":"2024-01-17T09:28:29","guid":{"rendered":"http:\/\/raconte-moi-une-histoire.be\/index.php\/colibri-wp\/"},"modified":"2024-08-31T15:00:08","modified_gmt":"2024-08-31T13:00:08","slug":"colibri-wp","status":"publish","type":"page","link":"https:\/\/www.raconte-moi-une-histoire.be\/","title":{"rendered":"Accueil"},"content":{"rendered":"<div data-colibri-id=\"32-c1\" class=\"style-188 style-local-32-c1 position-relative\">\n  <!---->\n  <div data-colibri-component=\"section\" data-colibri-id=\"32-c2\" id=\"overlappable\" class=\"h-section h-section-global-spacing d-flex align-items-lg-center align-items-md-center align-items-center style-325 style-local-32-c2 position-relative\">\n    <!---->\n    <!---->\n    <div class=\"h-section-grid-container h-section-boxed-container\">\n      <!---->\n      <div data-colibri-id=\"32-c3\" class=\"h-row-container gutters-row-lg-0 gutters-row-md-0 gutters-row-0 gutters-row-v-lg-0 gutters-row-v-md-0 gutters-row-v-0 style-326 style-local-32-c3 position-relative\">\n        <!---->\n        <div class=\"h-row justify-content-lg-center justify-content-md-center justify-content-center align-items-lg-stretch align-items-md-stretch align-items-stretch gutters-col-lg-0 gutters-col-md-0 gutters-col-0 gutters-col-v-lg-0 gutters-col-v-md-0 gutters-col-v-0\">\n          <!---->\n          <div class=\"h-column h-column-container d-flex h-col-lg-auto h-col-md-auto h-col-auto style-327-outer style-local-32-c4-outer\">\n            <div data-colibri-id=\"32-c4\" class=\"d-flex h-flex-basis h-column__inner h-ui-empty-state-container h-px-lg-0 h-px-md-0 h-px-0 v-inner-lg-0 v-inner-md-0 v-inner-0 style-327 style-local-32-c4 position-relative\">\n              <!---->\n              <!---->\n              <div class=\"w-100 h-y-container h-column__content h-column__v-align flex-basis-100\">\n                <!---->\n              <\/div>\n            <\/div>\n          <\/div>\n          <div class=\"h-column h-column-container d-flex h-col-lg-auto h-col-md-auto h-col-auto style-328-outer style-local-32-c5-outer\">\n            <div data-colibri-id=\"32-c5\" class=\"d-flex h-flex-basis h-column__inner h-px-lg-2 h-px-md-2 h-px-2 v-inner-lg-2 v-inner-md-2 v-inner-2 style-328 style-local-32-c5 position-relative\">\n              <!---->\n              <!---->\n              <div class=\"w-100 h-y-container h-column__content h-column__v-align flex-basis-100 align-self-lg-center align-self-md-center align-self-center\">\n                <!---->\n                <div data-colibri-id=\"32-c6\" class=\"h-global-transition-all h-heading style-329 style-local-32-c6 position-relative h-element\">\n                  <!---->\n                  <div class=\"h-heading__outer style-329 style-local-32-c6\">\n                    <!---->\n                    <!---->\n                    <h4 class=\"\"><span style=\"font-family: Playfair Display;\">Raconte-moi une histoire<\/span><\/h4>\n                  <\/div>\n                <\/div>\n                <div data-colibri-id=\"32-c7\" class=\"h-text h-text-component style-330 style-local-32-c7 position-relative h-element\">\n                  <!---->\n                  <!---->\n                  <div class=\"\">\n                    <p><span style=\"font-family: Playfair Display;\">&nbsp;est une association, visant \u00e0 d\u00e9velopper la cr\u00e9ativit\u00e9 des petits comme des grands, par divers moyens d&rsquo;expression, ainsi qu&rsquo;\u00e0 aider chacun \u00e0 retrouver un certain \u00e9quilibre, un certain bien-\u00eatre&#8230;<\/span>\n                      <br>\n                    <\/p>\n                    <p>\n                      <a href=\"https:\/\/www.raconte-moi-une-histoire.be\" draggable=\"false\"> <\/a>\n                    <\/p>\n                  <\/div>\n                <\/div>\n                <div data-colibri-id=\"32-c8\" class=\"h-x-container style-331 style-local-32-c8 position-relative h-element\">\n                  <!---->\n                  <div class=\"h-x-container-inner style-dynamic-32-c8-group style-331-spacing style-local-32-c8-spacing\"><span class=\"h-button__outer style-332-outer style-local-32-c9-outer d-inline-flex h-element\"><a h-use-smooth-scroll=\"true\" href=\"https:\/\/www.raconte-moi-une-histoire.be\/index.php\/activites\/\"  data-colibri-id=\"32-c9\" class=\"d-flex w-100 align-items-center h-button justify-content-lg-center justify-content-md-center justify-content-center style-332 style-local-32-c9 position-relative\"><!----><!----> <span>Lire plus ici<\/span><\/a>\n                    <\/span>\n                  <\/div>\n                <\/div>\n              <\/div>\n            <\/div>\n          <\/div>\n          <div class=\"h-column h-column-container d-flex h-col-lg-auto h-col-md-auto h-col-auto style-328-outer style-local-32-c10-outer\">\n            <div data-colibri-id=\"32-c10\" class=\"d-flex h-flex-basis h-column__inner h-px-lg-2 h-px-md-2 h-px-2 v-inner-lg-2 v-inner-md-2 v-inner-2 style-328 style-local-32-c10 position-relative\">\n              <!---->\n              <!---->\n              <div class=\"w-100 h-y-container h-column__content h-column__v-align flex-basis-100 align-self-lg-center align-self-md-center align-self-center\">\n                <!---->\n                <div data-colibri-id=\"32-c11\" class=\"h-global-transition-all h-heading style-329 style-local-32-c11 position-relative h-element\">\n                  <!---->\n                  <div class=\"h-heading__outer style-329 style-local-32-c11\">\n                    <!---->\n                    <!---->\n                    <h4 class=\"\"><span style=\"font-family: Playfair Display;\">Notre \u00e9quipe<\/span><\/h4>\n                  <\/div>\n                <\/div>\n                <div data-colibri-id=\"32-c12\" class=\"h-text h-text-component style-330 style-local-32-c12 position-relative h-element\">\n                  <!---->\n                  <!---->\n                  <div class=\"\">\n                    <p>vous accompagne dans diff\u00e9rents moments de vie, au sein d&rsquo;ateliers, de groupes de paroles, de stages, de conf\u00e9rences&#8230;\n                      <br>En individuel, comme en collectif, pour votre plus grand bien et le plus grand bien de tous.\n                      <br>\n                    <\/p>\n                  <\/div>\n                <\/div>\n                <div data-colibri-id=\"32-c13\" class=\"h-x-container style-331 style-local-32-c13 position-relative h-element\">\n                  <!---->\n                  <div class=\"h-x-container-inner style-dynamic-32-c13-group style-331-spacing style-local-32-c13-spacing\"><span class=\"h-button__outer style-332-outer style-local-32-c14-outer d-inline-flex h-element\"><a h-use-smooth-scroll=\"true\" href=\"https:\/\/www.raconte-moi-une-histoire.be\/index.php\/a-propos\/\"  data-colibri-id=\"32-c14\" class=\"d-flex w-100 align-items-center h-button justify-content-lg-center justify-content-md-center justify-content-center style-332 style-local-32-c14 position-relative\"><!----><!----> <span>Lire plus ici<\/span><\/a>\n                    <\/span>\n                  <\/div>\n                <\/div>\n              <\/div>\n            <\/div>\n          <\/div>\n          <div class=\"h-column h-column-container d-flex h-col-lg-auto h-col-md-auto h-col-auto style-333-outer style-local-32-c15-outer\">\n            <div data-colibri-id=\"32-c15\" class=\"d-flex h-flex-basis h-column__inner h-ui-empty-state-container h-px-lg-0 h-px-md-0 h-px-0 v-inner-lg-0 v-inner-md-0 v-inner-0 style-333 style-local-32-c15 position-relative\">\n              <!---->\n              <!---->\n              <div class=\"w-100 h-y-container h-column__content h-column__v-align flex-basis-100\">\n                <!---->\n              <\/div>\n            <\/div>\n          <\/div>\n          <div class=\"h-column h-column-container d-flex h-col-lg-auto h-col-md-auto h-col-auto style-357-outer style-local-32-c16-outer\">\n            <div data-colibri-id=\"32-c16\" class=\"d-flex h-flex-basis h-column__inner h-px-lg-2 h-px-md-2 h-px-2 v-inner-lg-2 v-inner-md-2 v-inner-2 style-357 style-local-32-c16 position-relative\">\n              <!---->\n              <!---->\n              <div class=\"w-100 h-y-container h-column__content h-column__v-align flex-basis-100 align-self-lg-start align-self-md-start align-self-start\">\n                <!---->\n                <div data-colibri-id=\"32-c17\" data-aos=\"fadeInLeft\" class=\"d-block style-358 style-local-32-c17 position-relative h-element\">\n                  <!---->\n                  <div class=\"h-image__frame-container-outer\">\n                    <a href=\"https:\/\/www.facebook.com\/profile.php?id=61561390109154&amp;sk=events\" target=\"_blank\" h-use-smooth-scroll=\"true\" class=\"image-link\" rel=\"noopener\">\n                      <div class=\"h-image__frame-container\">\n                        <!---->\n                        <!---->\n                        <img loading=\"lazy\" decoding=\"async\" width=\"850\" height=\"356\" src=\"https:\/\/www.raconte-moi-une-histoire.be\/wp-content\/uploads\/2024\/07\/Calendar-ASBL-montage2.png\" class=\"wp-image-421 style-358-image style-local-32-c17-image\" alt=\"\" srcset=\"https:\/\/www.raconte-moi-une-histoire.be\/wp-content\/uploads\/2024\/07\/Calendar-ASBL-montage2.png 850w, https:\/\/www.raconte-moi-une-histoire.be\/wp-content\/uploads\/2024\/07\/Calendar-ASBL-montage2-300x126.png 300w, https:\/\/www.raconte-moi-une-histoire.be\/wp-content\/uploads\/2024\/07\/Calendar-ASBL-montage2-768x322.png 768w\" sizes=\"auto, (max-width: 850px) 100vw, 850px\" \/>\n                        <div class=\"h-image__frame h-hide-lg h-hide-md h-hide-sm style-358-frameImage style-local-32-c17-frameImage\"><\/div>\n                      <\/div>\n                    <\/a>\n                  <\/div>\n                <\/div>\n              <\/div>\n            <\/div>\n          <\/div>\n          <div class=\"h-column h-column-container d-flex h-col-lg-auto h-col-md-auto h-col-auto style-364-outer style-local-32-c18-outer\">\n            <div data-colibri-id=\"32-c18\" class=\"d-flex h-flex-basis h-column__inner h-px-lg-2 h-px-md-2 h-px-2 v-inner-lg-2 v-inner-md-2 v-inner-2 style-364 style-local-32-c18 position-relative\">\n              <!---->\n              <!---->\n              <div class=\"w-100 h-y-container h-column__content h-column__v-align flex-basis-100 align-self-lg-start align-self-md-start align-self-start\">\n                <!---->\n                <div data-colibri-id=\"32-c19\" class=\"h-x-container style-365 style-local-32-c19 position-relative h-element\">\n                  <!---->\n                  <div class=\"h-x-container-inner style-dynamic-32-c19-group style-365-spacing style-local-32-c19-spacing\"><span class=\"h-button__outer style-366-outer style-local-32-c20-outer d-inline-flex h-element\"><a h-use-smooth-scroll=\"true\" href=\"https:\/\/www.raconte-moi-une-histoire.be\/index.php\/contact\/\"  data-colibri-id=\"32-c20\" class=\"d-flex w-100 align-items-center h-button justify-content-lg-center justify-content-md-center justify-content-center style-366 style-local-32-c20 position-relative\"><!----><!----> <span>Nous contacter<\/span><\/a>\n                    <\/span>\n                  <\/div>\n                <\/div>\n              <\/div>\n            <\/div>\n          <\/div>\n        <\/div>\n      <\/div>\n    <\/div>\n  <\/div>\n<\/div>","protected":false},"excerpt":{"rendered":"<p>Raconte-moi une histoire &nbsp;est une association, visant \u00e0 d\u00e9velopper la cr\u00e9ativit\u00e9 des petits comme des grands, par divers moyens d&rsquo;expression, ainsi qu&rsquo;\u00e0 aider chacun \u00e0 retrouver un certain \u00e9quilibre, un certain bien-\u00eatre&#8230; Lire plus ici Notre \u00e9quipe vous accompagne dans diff\u00e9rents moments de vie, au sein d&rsquo;ateliers, de groupes de paroles, de stages, de conf\u00e9rences&#8230; [&hellip;]<\/p>\n","protected":false},"author":1,"featured_media":0,"parent":0,"menu_order":0,"comment_status":"closed","ping_status":"closed","template":"page-templates\/homepage.php","meta":{"footnotes":""},"class_list":["post-32","page","type-page","status-publish","hentry"],"_links":{"self":[{"href":"https:\/\/www.raconte-moi-une-histoire.be\/index.php\/wp-json\/wp\/v2\/pages\/32","targetHints":{"allow":["GET"]}}],"collection":[{"href":"https:\/\/www.raconte-moi-une-histoire.be\/index.php\/wp-json\/wp\/v2\/pages"}],"about":[{"href":"https:\/\/www.raconte-moi-une-histoire.be\/index.php\/wp-json\/wp\/v2\/types\/page"}],"author":[{"embeddable":true,"href":"https:\/\/www.raconte-moi-une-histoire.be\/index.php\/wp-json\/wp\/v2\/users\/1"}],"replies":[{"embeddable":true,"href":"https:\/\/www.raconte-moi-une-histoire.be\/index.php\/wp-json\/wp\/v2\/comments?post=32"}],"version-history":[{"count":20,"href":"https:\/\/www.raconte-moi-une-histoire.be\/index.php\/wp-json\/wp\/v2\/pages\/32\/revisions"}],"predecessor-version":[{"id":1384,"href":"https:\/\/www.raconte-moi-une-histoire.be\/index.php\/wp-json\/wp\/v2\/pages\/32\/revisions\/1384"}],"wp:attachment":[{"href":"https:\/\/www.raconte-moi-une-histoire.be\/index.php\/wp-json\/wp\/v2\/media?parent=32"}],"curies":[{"name":"wp","href":"https:\/\/api.w.org\/{rel}","templated":true}]}}