{"id":313,"date":"2024-07-07T16:16:44","date_gmt":"2024-07-07T14:16:44","guid":{"rendered":"https:\/\/www.raconte-moi-une-histoire.be\/?page_id=313"},"modified":"2024-07-16T17:37:43","modified_gmt":"2024-07-16T15:37:43","slug":"a-propos","status":"publish","type":"page","link":"https:\/\/www.raconte-moi-une-histoire.be\/index.php\/a-propos\/","title":{"rendered":"\u00c0 propos"},"content":{"rendered":"<div data-colibri-id=\"313-c1\" class=\"style-373 style-local-313-c1 position-relative\">\n  <!---->\n  <div data-colibri-component=\"section\" data-colibri-id=\"313-c2\" id=\"custom\" class=\"h-section h-section-global-spacing d-flex align-items-lg-center align-items-md-center align-items-center style-387 style-local-313-c2 position-relative\">\n    <!---->\n    <!---->\n    <div class=\"h-section-grid-container h-section-boxed-container\">\n      <!---->\n      <div data-colibri-id=\"313-c3\" class=\"h-row-container gutters-row-lg-2 gutters-row-md-2 gutters-row-0 gutters-row-v-lg-2 gutters-row-v-md-2 gutters-row-v-2 style-414 style-local-313-c3 position-relative\">\n        <!---->\n        <div class=\"h-row justify-content-lg-center justify-content-md-center justify-content-center align-items-lg-stretch align-items-md-stretch align-items-stretch gutters-col-lg-2 gutters-col-md-2 gutters-col-0 gutters-col-v-lg-2 gutters-col-v-md-2 gutters-col-v-2\">\n          <!---->\n          <div class=\"h-column h-column-container d-flex h-col-lg-auto h-col-md-auto h-col-auto style-415-outer style-local-313-c4-outer\">\n            <div data-colibri-id=\"313-c4\" class=\"d-flex h-flex-basis h-column__inner h-px-lg-2 h-px-md-2 h-px-2 v-inner-lg-2 v-inner-md-2 v-inner-2 style-415 style-local-313-c4 position-relative\">\n              <!---->\n              <!---->\n              <div class=\"w-100 h-y-container h-column__content h-column__v-align flex-basis-100 align-self-lg-start align-self-md-start align-self-start\">\n                <!---->\n                <div data-colibri-id=\"313-c5\" class=\"h-text h-text-component style-416 style-local-313-c5 position-relative h-element\">\n                  <!---->\n                  <!---->\n                  <div class=\"\">\n                    <h3><strong style=\"font-family: Playfair Display; font-weight: 400; color: rgb(10, 186, 248);\">Les fondateurs de l&rsquo;ASBL Raconte-moi une histoire<br><\/strong><\/h3>\n                  <\/div>\n                <\/div>\n              <\/div>\n            <\/div>\n          <\/div>\n        <\/div>\n      <\/div>\n      <div data-colibri-id=\"313-c6\" class=\"h-row-container gutters-row-lg-2 gutters-row-md-2 gutters-row-0 gutters-row-v-lg-2 gutters-row-v-md-2 gutters-row-v-2 style-388 style-local-313-c6 position-relative\">\n        <!---->\n        <div class=\"h-row justify-content-lg-center justify-content-md-center justify-content-center align-items-lg-stretch align-items-md-stretch align-items-stretch gutters-col-lg-2 gutters-col-md-2 gutters-col-0 gutters-col-v-lg-2 gutters-col-v-md-2 gutters-col-v-2\">\n          <!---->\n          <div class=\"h-column h-column-container d-flex h-col-lg-auto h-col-md-auto h-col-auto style-389-outer style-local-313-c7-outer\">\n            <div data-colibri-id=\"313-c7\" class=\"d-flex h-flex-basis h-column__inner h-px-lg-2 h-px-md-2 h-px-2 v-inner-lg-2 v-inner-md-2 v-inner-2 style-389 style-local-313-c7 position-relative\">\n              <!---->\n              <!---->\n              <div class=\"w-100 h-y-container h-column__content h-column__v-align flex-basis-100 align-self-lg-start align-self-md-start align-self-start\">\n                <!---->\n                <div data-colibri-component=\"slider\" data-colibri-id=\"313-c8\" class=\"h-slider d-flex style-390 style-local-313-c8 position-relative\">\n                  <!---->\n                  <div class=\"swiper-container h-row-container gutters-row-lg-2 gutters-row-md-2 gutters-row-3 gutters-row-v-lg-3 gutters-row-v-md-3 gutters-row-v-3 h-overflow-hidden\">\n                    <div class=\"swiper-wrapper h-row justify-content-lg-start justify-content-md-start justify-content-start align-items-lg-stretch align-items-md-stretch align-items-stretch gutters-col-lg-2 gutters-col-md-2 gutters-col-3 gutters-col-v-lg-3 gutters-col-v-md-3 gutters-col-v-3\">\n                      <div data-colibri-component=\"link\" data-href=\"\" class=\"h-slider-item swiper-slide h-column h-column-container d-flex h-col-auto style-391-outer style-local-313-c14-outer\">\n                        <div data-colibri-id=\"313-c14\" class=\"w-100 h-swiper-item__inner d-flex h-flex-basis h-HopTextCarouselItem__inner h-px-lg-2 h-px-md-2 h-px-2 v-inner-lg-2 v-inner-md-2 v-inner-2 style-391 style-local-313-c14 position-relative\">\n                          <!---->\n                          <div class=\"w-100 h-100 d-flex justify-content-lg-center justify-content-md-center justify-content-center align-items-lg-center align-items-md-center align-items-center\">\n                            <div class=\"w-100 h-y-container h-column__content h-column__v-align flex-basis-100 align-self-lg-center align-self-md-center align-self-center h-slider-item-content-wrapper\">\n                              <!---->\n                              <div data-colibri-id=\"313-c15\" class=\"h-icon style-392 style-local-313-c15 position-relative h-element\">\n                                <!----><span class=\"h-svg-icon h-icon__icon style-392-icon style-local-313-c15-icon\"><!--Icon by Icons8 Line Awesome (https:\/\/icons8.com\/line-awesome)--><svg version=\"1.1\" xmlns=\"http:\/\/www.w3.org\/2000\/svg\" xmlns:xlink=\"http:\/\/www.w3.org\/1999\/xlink\" id=\"quote-right\" viewBox=\"0 0 512 545.5\"><path d=\"M64 160h160v160c0 52.826-43.174 96-96 96v-32c35.526 0 64-28.474 64-64H64V160zm224 0h160v160c0 52.826-43.174 96-96 96v-32c35.526 0 64-28.474 64-64H288V160zM96 192v96h96v-96H96zm224 0v96h96v-96h-96z\"><\/path><\/svg><\/span><\/div>\n                              <div\n                                data-colibri-id=\"313-c16\" class=\"h-text h-text-component style-393 style-local-313-c16 position-relative h-element\">\n                                <!---->\n                                <!---->\n                                <div class=\"\">\n                                  <p><span style=\"font-family: Playfair Display;\">Animatrice en art-th\u00e9rapie, chamane, sonoth\u00e9rapeute<\/span><\/p>\n                                <\/div>\n                            <\/div>\n                            <div data-colibri-id=\"313-c17\" class=\"d-block style-394 style-local-313-c17 position-relative h-element\">\n                              <!---->\n                              <div class=\"h-image__frame-container-outer\">\n                                <a href=\"https:\/\/www.ose-vole-brille.be\/\" target=\"_blank\" h-use-smooth-scroll=\"true\" class=\"image-link\" rel=\"noopener\">\n                                  <div class=\"h-image__frame-container\">\n                                    <!---->\n                                    <!---->\n                                    <img loading=\"lazy\" decoding=\"async\" width=\"938\" height=\"1127\" src=\"https:\/\/www.raconte-moi-une-histoire.be\/wp-content\/uploads\/2024\/07\/cropped-Jess.png\" class=\"wp-image-724 style-394-image style-local-313-c17-image\" alt=\"\" srcset=\"https:\/\/www.raconte-moi-une-histoire.be\/wp-content\/uploads\/2024\/07\/cropped-Jess.png 938w, https:\/\/www.raconte-moi-une-histoire.be\/wp-content\/uploads\/2024\/07\/cropped-Jess-250x300.png 250w, https:\/\/www.raconte-moi-une-histoire.be\/wp-content\/uploads\/2024\/07\/cropped-Jess-852x1024.png 852w, https:\/\/www.raconte-moi-une-histoire.be\/wp-content\/uploads\/2024\/07\/cropped-Jess-768x923.png 768w\" sizes=\"auto, (max-width: 938px) 100vw, 938px\" \/>\n                                    <div class=\"h-image__frame h-hide-lg h-hide-md h-hide-sm style-394-frameImage style-local-313-c17-frameImage\"><\/div>\n                                  <\/div>\n                                <\/a>\n                              <\/div>\n                            <\/div>\n                            <div data-colibri-id=\"313-c18\" class=\"h-global-transition-all h-heading style-395 style-local-313-c18 position-relative h-element\">\n                              <!---->\n                              <div class=\"h-heading__outer style-395 style-local-313-c18\">\n                                <!---->\n                                <!---->\n                                <h5 class=\"\">Jessica<\/h5>\n                              <\/div>\n                            <\/div>\n                          <\/div>\n                        <\/div>\n                      <\/div>\n                    <\/div>\n                    <div data-colibri-component=\"link\" data-href=\"\" class=\"h-slider-item swiper-slide h-column h-column-container d-flex h-col-auto style-391-outer style-local-313-c19-outer\">\n                      <div data-colibri-id=\"313-c19\" class=\"w-100 h-swiper-item__inner d-flex h-flex-basis h-HopTextCarouselItem__inner h-px-lg-2 h-px-md-2 h-px-2 v-inner-lg-2 v-inner-md-2 v-inner-2 style-391 style-local-313-c19 position-relative\">\n                        <!---->\n                        <div class=\"w-100 h-100 d-flex justify-content-lg-center justify-content-md-center justify-content-center align-items-lg-center align-items-md-center align-items-center\">\n                          <div class=\"w-100 h-y-container h-column__content h-column__v-align flex-basis-100 align-self-lg-center align-self-md-center align-self-center h-slider-item-content-wrapper\">\n                            <!---->\n                            <div data-colibri-id=\"313-c20\" class=\"h-icon style-392 style-local-313-c20 position-relative h-element\">\n                              <!----><span class=\"h-svg-icon h-icon__icon style-392-icon style-local-313-c20-icon\"><!--Icon by Icons8 Line Awesome (https:\/\/icons8.com\/line-awesome)--><svg version=\"1.1\" xmlns=\"http:\/\/www.w3.org\/2000\/svg\" xmlns:xlink=\"http:\/\/www.w3.org\/1999\/xlink\" id=\"quote-right\" viewBox=\"0 0 512 545.5\"><path d=\"M64 160h160v160c0 52.826-43.174 96-96 96v-32c35.526 0 64-28.474 64-64H64V160zm224 0h160v160c0 52.826-43.174 96-96 96v-32c35.526 0 64-28.474 64-64H288V160zM96 192v96h96v-96H96zm224 0v96h96v-96h-96z\"><\/path><\/svg><\/span><\/div>\n                            <div\n                              data-colibri-id=\"313-c21\" class=\"h-text h-text-component style-393 style-local-313-c21 position-relative h-element\">\n                              <!---->\n                              <!---->\n                              <div class=\"\">\n                                <p><span style=\"font-family: Playfair Display;\">Th\u00e9rapeute \u00e9nerg\u00e9ticien, radiesth\u00e9siste<\/span>\n                                  <br>\n                                <\/p>\n                              <\/div>\n                          <\/div>\n                          <div data-colibri-id=\"313-c22\" class=\"d-block style-394 style-local-313-c22 position-relative h-element\">\n                            <!---->\n                            <div class=\"h-image__frame-container-outer\">\n                              <a href=\"https:\/\/www.quinte-essence.be\/\" target=\"_blank\" h-use-smooth-scroll=\"true\" class=\"image-link\" rel=\"noopener\">\n                                <div class=\"h-image__frame-container\">\n                                  <!---->\n                                  <!---->\n                                  <img loading=\"lazy\" decoding=\"async\" width=\"707\" height=\"961\" src=\"https:\/\/www.raconte-moi-une-histoire.be\/wp-content\/uploads\/2024\/07\/cropped-jpol_Coul.png\" class=\"wp-image-612 style-394-image style-local-313-c22-image\" alt=\"\" srcset=\"https:\/\/www.raconte-moi-une-histoire.be\/wp-content\/uploads\/2024\/07\/cropped-jpol_Coul.png 707w, https:\/\/www.raconte-moi-une-histoire.be\/wp-content\/uploads\/2024\/07\/cropped-jpol_Coul-221x300.png 221w\" sizes=\"auto, (max-width: 707px) 100vw, 707px\" \/>\n                                  <div class=\"h-image__frame h-hide-lg h-hide-md h-hide-sm style-394-frameImage style-local-313-c22-frameImage\"><\/div>\n                                <\/div>\n                              <\/a>\n                            <\/div>\n                          <\/div>\n                          <div data-colibri-id=\"313-c23\" class=\"h-global-transition-all h-heading style-395 style-local-313-c23 position-relative h-element\">\n                            <!---->\n                            <div class=\"h-heading__outer style-395 style-local-313-c23\">\n                              <!---->\n                              <!---->\n                              <h5 class=\"\">Johann<\/h5>\n                            <\/div>\n                          <\/div>\n                        <\/div>\n                      <\/div>\n                    <\/div>\n                  <\/div>\n                  <div data-colibri-component=\"link\" data-href=\"\" class=\"h-slider-item swiper-slide h-column h-column-container d-flex h-col-auto style-391-outer style-local-313-c9-outer\">\n                    <div data-colibri-id=\"313-c9\" class=\"w-100 h-swiper-item__inner d-flex h-flex-basis h-HopTextCarouselItem__inner h-px-lg-2 h-px-md-2 h-px-2 v-inner-lg-2 v-inner-md-2 v-inner-2 style-391 style-local-313-c9 position-relative\">\n                      <!---->\n                      <div class=\"w-100 h-100 d-flex justify-content-lg-center justify-content-md-center justify-content-center align-items-lg-center align-items-md-center align-items-center\">\n                        <div class=\"w-100 h-y-container h-column__content h-column__v-align flex-basis-100 align-self-lg-center align-self-md-center align-self-center h-slider-item-content-wrapper\">\n                          <!---->\n                          <div data-colibri-id=\"313-c10\" class=\"h-icon style-392 style-local-313-c10 position-relative h-element\">\n                            <!----><span class=\"h-svg-icon h-icon__icon style-392-icon style-local-313-c10-icon\"><!--Icon by Icons8 Line Awesome (https:\/\/icons8.com\/line-awesome)--><svg version=\"1.1\" xmlns=\"http:\/\/www.w3.org\/2000\/svg\" xmlns:xlink=\"http:\/\/www.w3.org\/1999\/xlink\" id=\"quote-right\" viewBox=\"0 0 512 545.5\"><path d=\"M64 160h160v160c0 52.826-43.174 96-96 96v-32c35.526 0 64-28.474 64-64H64V160zm224 0h160v160c0 52.826-43.174 96-96 96v-32c35.526 0 64-28.474 64-64H288V160zM96 192v96h96v-96H96zm224 0v96h96v-96h-96z\"><\/path><\/svg><\/span><\/div>\n                          <div\n                            data-colibri-id=\"313-c11\" class=\"h-text h-text-component style-393 style-local-313-c11 position-relative h-element\">\n                            <!---->\n                            <!---->\n                            <div class=\"\">\n                              <p><span style=\"font-family: Playfair Display;\">Animatrice en art-th\u00e9rapie, th\u00e9rapeute, conf\u00e9renci\u00e8re <br><\/span><\/p>\n                            <\/div>\n                        <\/div>\n                        <div data-colibri-id=\"313-c12\" class=\"d-block style-394 style-local-313-c12 position-relative h-element\">\n                          <!---->\n                          <div class=\"h-image__frame-container-outer\">\n                            <div class=\"h-image__frame-container\">\n                              <!---->\n                              <!---->\n                              <img loading=\"lazy\" decoding=\"async\" width=\"850\" height=\"909\" src=\"https:\/\/www.raconte-moi-une-histoire.be\/wp-content\/uploads\/2024\/07\/Sophie-Printemps-2024.png\" class=\"wp-image-539 style-394-image style-local-313-c12-image\" alt=\"\" srcset=\"https:\/\/www.raconte-moi-une-histoire.be\/wp-content\/uploads\/2024\/07\/Sophie-Printemps-2024.png 850w, https:\/\/www.raconte-moi-une-histoire.be\/wp-content\/uploads\/2024\/07\/Sophie-Printemps-2024-281x300.png 281w, https:\/\/www.raconte-moi-une-histoire.be\/wp-content\/uploads\/2024\/07\/Sophie-Printemps-2024-768x821.png 768w\" sizes=\"auto, (max-width: 850px) 100vw, 850px\" \/>\n                              <div class=\"h-image__frame h-hide-lg h-hide-md h-hide-sm style-394-frameImage style-local-313-c12-frameImage\"><\/div>\n                            <\/div>\n                          <\/div>\n                        <\/div>\n                        <div data-colibri-id=\"313-c13\" class=\"h-global-transition-all h-heading style-395 style-local-313-c13 position-relative h-element\">\n                          <!---->\n                          <div class=\"h-heading__outer style-395 style-local-313-c13\">\n                            <!---->\n                            <!---->\n                            <h5 class=\"\">Sophie<\/h5>\n                          <\/div>\n                        <\/div>\n                      <\/div>\n                    <\/div>\n                  <\/div>\n                <\/div>\n              <\/div>\n              <div class=\"resize-triggers\">\n                <div class=\"expand-trigger\">\n                  <div style=\"width: 1px; height: 1px;\"><\/div>\n                <\/div>\n                <div class=\"contract-trigger\"><\/div>\n              <\/div>\n            <\/div>\n            <div class=\"h-swiper-dots__outer justify-content-lg-center justify-content-md-center justify-content-center align-items-lg-end align-items-md-end align-items-end style-400-positionWrapper style-local-313-c28-positionWrapper h-element\">\n              <div data-colibri-id=\"313-c28\" class=\"h-swiper-dots__wrapper style-400 style-local-313-c28 position-relative\">\n                <!---->\n                <div id=\"swiper-pagination__313-c8\" class=\"h-swiper-dots swiper-pagination d-flex swiper-pagination-clickable swiper-pagination-bullets\"><\/div>\n                <div><\/div>\n              <\/div>\n            <\/div>\n            <div data-colibri-id=\"313-c24\" class=\"h-swiper-arrow__outer justify-content-lg-start justify-content-md-start justify-content-start align-items-lg-center align-items-md-center align-items-center style-397 style-local-313-c24 position-relative h-element\">\n              <!---->\n              <div id=\"swiper-arrow__313-c24\" class=\"h-swiper-arrow h-slider-navigation-arrow swiper-button-prev\">\n                <div data-colibri-id=\"313-c25\" class=\"h-icon style-398 style-local-313-c25 position-relative h-element\">\n                  <!----><span class=\"h-svg-icon h-icon__icon style-398-icon style-local-313-c25-icon\"><!--Icon by Font Awesome (https:\/\/fontawesome.com)-->\n    <svg version=\"1.1\" xmlns=\"http:\/\/www.w3.org\/2000\/svg\" xmlns:xlink=\"http:\/\/www.w3.org\/1999\/xlink\" id=\"chevron-left\" viewBox=\"0 0 1289.1823 1896.0833\">\n      <path d=\"M1171 301L640 832l531 531q19 19 19 45t-19 45l-166 166q-19 19-45 19t-45-19L173 877q-19-19-19-45t19-45L915 45q19-19 45-19t45 19l166 166q19 19 19 45t-19 45z\"><\/path>\n    <\/svg><\/span><\/div>\n              <\/div>\n            <\/div>\n            <div data-colibri-id=\"313-c26\" class=\"h-swiper-arrow__outer justify-content-lg-end justify-content-md-end justify-content-end align-items-lg-center align-items-md-center align-items-center style-399 style-local-313-c26 position-relative h-element\">\n              <!---->\n              <div id=\"swiper-arrow__313-c26\" class=\"h-swiper-arrow h-slider-navigation-arrow swiper-button-next\">\n                <div data-colibri-id=\"313-c27\" class=\"h-icon style-398 style-local-313-c27 position-relative h-element\">\n                  <!----><span class=\"h-svg-icon h-icon__icon style-398-icon style-local-313-c27-icon\"><!--Icon by Font Awesome (https:\/\/fontawesome.com)-->\n    <svg version=\"1.1\" xmlns=\"http:\/\/www.w3.org\/2000\/svg\" xmlns:xlink=\"http:\/\/www.w3.org\/1999\/xlink\" id=\"chevron-right\" viewBox=\"0 0 1280 1896.0833\">\n      <path d=\"M1107 877l-742 742q-19 19-45 19t-45-19l-166-166q-19-19-19-45t19-45l531-531-531-531q-19-19-19-45t19-45L275 45q19-19 45-19t45 19l742 742q19 19 19 45t-19 45z\"><\/path>\n    <\/svg><\/span><\/div>\n              <\/div>\n            <\/div>\n          <\/div>\n        <\/div>\n      <\/div>\n    <\/div>\n  <\/div>\n<\/div>\n<\/div>\n<\/div>\n<div data-colibri-component=\"section\" data-colibri-id=\"313-c29\" id=\"custom-2\" class=\"h-section h-section-global-spacing d-flex align-items-lg-center align-items-md-center align-items-center style-401 style-local-313-c29 position-relative\">\n  <!---->\n  <!---->\n  <div class=\"h-section-grid-container h-section-boxed-container\">\n    <!---->\n    <div data-colibri-id=\"313-c30\" class=\"h-row-container gutters-row-lg-2 gutters-row-md-2 gutters-row-0 gutters-row-v-lg-2 gutters-row-v-md-2 gutters-row-v-2 style-402 style-local-313-c30 position-relative\">\n      <!---->\n      <div class=\"h-row justify-content-lg-center justify-content-md-center justify-content-center align-items-lg-stretch align-items-md-stretch align-items-stretch gutters-col-lg-2 gutters-col-md-2 gutters-col-0 gutters-col-v-lg-2 gutters-col-v-md-2 gutters-col-v-2\">\n        <!---->\n        <div class=\"h-column h-column-container d-flex h-col-lg-auto h-col-md-auto h-col-auto style-403-outer style-local-313-c31-outer\">\n          <div data-colibri-id=\"313-c31\" class=\"d-flex h-flex-basis h-column__inner h-px-lg-2 h-px-md-2 h-px-2 v-inner-lg-2 v-inner-md-2 v-inner-2 style-403 style-local-313-c31 position-relative\">\n            <!---->\n            <!---->\n            <div class=\"w-100 h-y-container h-column__content h-column__v-align flex-basis-100 align-self-lg-start align-self-md-start align-self-start\">\n              <!---->\n              <div data-colibri-id=\"313-c32\" class=\"h-text h-text-component style-405 style-local-313-c32 position-relative h-element\">\n                <!---->\n                <!---->\n                <div class=\"\">\n                  <h3><span style=\"color: rgb(7, 186, 250);\">Leur rencontre<\/span><\/h3>\n                  <p>Il \u00e9tait une fois, trois \u00c2mes lumineuses&nbsp;: la chamane, le gu\u00e9risseur et l\u2019enseignante de sagesses.\n                    <br>Au d\u00e9tour d\u2019un tournant majeur de leur vie respective, ils ont d\u00e9cid\u00e9 de se r\u00e9unir autour de valeurs primordiales \u00e0 leurs yeux&nbsp;: l\u2019authenticit\u00e9, la bienveillance et le partage. Ainsi est n\u00e9e l\u2019Asbl Raconte-moi une histoire.\n                    <br>Chaque membre de cette association a ses propres v\u00e9rit\u00e9s et ses propres ressources, cependant chacun a \u00e0 c\u0153ur de les offrir au plus grand nombre, pour le plus grand bien de tous.<\/p>\n                <\/div>\n              <\/div>\n              <div data-colibri-id=\"313-c33\" class=\"h-text h-text-component style-405 style-local-313-c33 position-relative h-element\">\n                <!---->\n                <!---->\n                <div class=\"\">\n                  <h3><span style=\"font-family: Open Sans; color: rgb(11, 186, 248);\">Leur mission<\/span>\n                    <br>\n                  <\/h3>\n                  <h4><strong style=\"font-family: Playfair Display; color: rgb(11, 186, 248); font-weight: 700;\"><em>Aider les autres<\/em><\/strong><\/h4>\n                  <p>&#8211;&nbsp;&nbsp;&nbsp;&nbsp;&nbsp;&nbsp;\u00c0 travers un lien puissant avec les mondes min\u00e9ral, v\u00e9g\u00e9tal, animal et subtil, qui permet de transformer le n\u00e9gatif en positif.\n                    <br>&#8211;&nbsp;&nbsp;&nbsp;&nbsp;&nbsp;&nbsp;\u00c0 travers une grande force int\u00e9rieure et des ressentis intuitifs, afin de pouvoir sortir qui le souhaite d\u2019un certain \u00e9tat de d\u00e9s\u00e9quilibre, dans quel que domaine que ce soit.\n                    <br>&#8211;&nbsp;&nbsp;&nbsp;&nbsp;&nbsp;&nbsp;\u00c0 travers la transmission de profondes connaissances spirituelles, proposant des concepts et des outils essentiels \u00e0 l\u2019\u00e9volution personnelle.<\/p>\n                <\/div>\n              <\/div>\n            <\/div>\n          <\/div>\n        <\/div>\n      <\/div>\n    <\/div>\n  <\/div>\n<\/div>\n<\/div>","protected":false},"excerpt":{"rendered":"<p>Les fondateurs de l&rsquo;ASBL Raconte-moi une histoire Animatrice en art-th\u00e9rapie, chamane, sonoth\u00e9rapeute Jessica Th\u00e9rapeute \u00e9nerg\u00e9ticien, radiesth\u00e9siste Johann Animatrice en art-th\u00e9rapie, th\u00e9rapeute, conf\u00e9renci\u00e8re Sophie Leur rencontre Il \u00e9tait une fois, trois \u00c2mes lumineuses&nbsp;: la chamane, le gu\u00e9risseur et l\u2019enseignante de sagesses. Au d\u00e9tour d\u2019un tournant majeur de leur vie respective, ils ont d\u00e9cid\u00e9 de se r\u00e9unir [&hellip;]<\/p>\n","protected":false},"author":1,"featured_media":0,"parent":0,"menu_order":0,"comment_status":"closed","ping_status":"closed","template":"page-templates\/full-width-page.php","meta":{"footnotes":""},"class_list":["post-313","page","type-page","status-publish","hentry"],"_links":{"self":[{"href":"https:\/\/www.raconte-moi-une-histoire.be\/index.php\/wp-json\/wp\/v2\/pages\/313","targetHints":{"allow":["GET"]}}],"collection":[{"href":"https:\/\/www.raconte-moi-une-histoire.be\/index.php\/wp-json\/wp\/v2\/pages"}],"about":[{"href":"https:\/\/www.raconte-moi-une-histoire.be\/index.php\/wp-json\/wp\/v2\/types\/page"}],"author":[{"embeddable":true,"href":"https:\/\/www.raconte-moi-une-histoire.be\/index.php\/wp-json\/wp\/v2\/users\/1"}],"replies":[{"embeddable":true,"href":"https:\/\/www.raconte-moi-une-histoire.be\/index.php\/wp-json\/wp\/v2\/comments?post=313"}],"version-history":[{"count":20,"href":"https:\/\/www.raconte-moi-une-histoire.be\/index.php\/wp-json\/wp\/v2\/pages\/313\/revisions"}],"predecessor-version":[{"id":1212,"href":"https:\/\/www.raconte-moi-une-histoire.be\/index.php\/wp-json\/wp\/v2\/pages\/313\/revisions\/1212"}],"wp:attachment":[{"href":"https:\/\/www.raconte-moi-une-histoire.be\/index.php\/wp-json\/wp\/v2\/media?parent=313"}],"curies":[{"name":"wp","href":"https:\/\/api.w.org\/{rel}","templated":true}]}}